{"id":565,"date":"2025-10-02T11:50:47","date_gmt":"2025-10-02T09:50:47","guid":{"rendered":"http:\/\/www.dorothea-habicht.de\/?page_id=565"},"modified":"2025-10-20T01:02:43","modified_gmt":"2025-10-19T23:02:43","slug":"english-welcome-dorothea-habicht","status":"publish","type":"page","link":"https:\/\/www.dorothea-habicht.de\/?page_id=565","title":{"rendered":"English"},"content":{"rendered":"<p style=\"text-align: right;\" align=\"right\">\n<\/p><p>Dear visitor,<\/p>\n<p><a href=\"https:\/\/www.dorothea-habicht.de\/wp-content\/uploads\/2024\/08\/storage_emulated_0_Pictures_Cartoon_Photo_cartoon1702594543088.jpg\"><img loading=\"lazy\" decoding=\"async\" class=\"aligncenter size-full wp-image-2429\" src=\"https:\/\/www.dorothea-habicht.de\/wp-content\/uploads\/2024\/08\/storage_emulated_0_Pictures_Cartoon_Photo_cartoon1702594543088.jpg\" alt=\"\" width=\"2403\" height=\"1080\" srcset=\"https:\/\/www.dorothea-habicht.de\/wp-content\/uploads\/2024\/08\/storage_emulated_0_Pictures_Cartoon_Photo_cartoon1702594543088.jpg 2403w, https:\/\/www.dorothea-habicht.de\/wp-content\/uploads\/2024\/08\/storage_emulated_0_Pictures_Cartoon_Photo_cartoon1702594543088-300x135.jpg 300w, https:\/\/www.dorothea-habicht.de\/wp-content\/uploads\/2024\/08\/storage_emulated_0_Pictures_Cartoon_Photo_cartoon1702594543088-1024x460.jpg 1024w, https:\/\/www.dorothea-habicht.de\/wp-content\/uploads\/2024\/08\/storage_emulated_0_Pictures_Cartoon_Photo_cartoon1702594543088-768x345.jpg 768w, https:\/\/www.dorothea-habicht.de\/wp-content\/uploads\/2024\/08\/storage_emulated_0_Pictures_Cartoon_Photo_cartoon1702594543088-1536x690.jpg 1536w, https:\/\/www.dorothea-habicht.de\/wp-content\/uploads\/2024\/08\/storage_emulated_0_Pictures_Cartoon_Photo_cartoon1702594543088-2048x920.jpg 2048w, https:\/\/www.dorothea-habicht.de\/wp-content\/uploads\/2024\/08\/storage_emulated_0_Pictures_Cartoon_Photo_cartoon1702594543088-604x270.jpg 604w\" sizes=\"auto, (max-width: 2403px) 100vw, 2403px\" \/><\/a><\/p>\n<p>are you looking for psychotherapy, business-coaching or consulting, because of<\/p>\n<ul>\n<li>separation, crisis or grief<\/li>\n<li>burnout or business issues<\/li>\n<li>depression, anxiety disorder or other symptoms<\/li>\n<li>or patchwork-family questions?<\/li>\n<\/ul>\n<p>Our spectrum includes<\/p>\n<ul>\n<li>PBSP\u00ae\/Pesso-Therapy (body-oriented psychotherapie)<\/li>\n<li>target\/solution driven methods<\/li>\n<li>systemic therapie\/coaching<\/li>\n<li>couples therapy<\/li>\n<\/ul>\n<p>Which we offer in one-to-one sessions or <a href=\"http:\/\/www.dorothea-habicht.de\/?page_id=13\" target=\"_blank\" rel=\"noopener noreferrer\">workshops and groups<\/a>.<\/p>\n<p>We appreciate to accompany you a part of your lifeway!<\/p>\n<p>Homevisits or sessions via telephone or skype are also possible.<\/p>\n<p>Please <a href=\"http:\/\/www.dorothea-habicht.de\/?page_id=17\" target=\"_blank\" rel=\"noopener noreferrer\">contact us<\/a>&nbsp;for further information,<\/p>\n<p>yours,&nbsp; Dorothea Habicht &amp; partners<\/p>\n\n\n<p class=\"has-text-align-right\">Fon: 089 | 120 139 39<br>Mob: 0151 | 144 772 48<\/p>\n\n\n\n<p class=\"has-text-align-right\"><a href=\"mailto:info@dorothea-habicht.de\">E-Mail: info@dorothea-habicht.de<\/a><\/p>\n\n\n\n<p class=\"has-text-align-center has-small-font-size\">Unsere Klientinnen und Klienten kommen typischerweise aus M\u00fcnchen-Neuhausen, M\u00fcnchen-Schwabing, M\u00fcnchen-Moosach, M\u00fcnchen-Laim, M\u00fcnchen-Pasing sowie f\u00fcr Videostunden aus ganz Deutschland und der Schweiz.<\/p>\n","protected":false},"excerpt":{"rendered":"<p>Dear visitor, are you looking for psychotherapy, business-coaching or consulting, because of separation, crisis or grief burnout or business issues depression, anxiety disorder or other symptoms or patchwork-family questions? Our spectrum includes PBSP\u00ae\/Pesso-Therapy (body-oriented psychotherapie) target\/solution driven methods systemic therapie\/coaching couples therapy Which we offer in one-to-one sessions or workshops and groups. We appreciate to &hellip; <a href=\"https:\/\/www.dorothea-habicht.de\/?page_id=565\" class=\"more-link\"><span class=\"screen-reader-text\">English<\/span> weiterlesen <span class=\"meta-nav\">&rarr;<\/span><\/a><\/p>\n","protected":false},"author":1,"featured_media":0,"parent":0,"menu_order":1,"comment_status":"closed","ping_status":"closed","template":"","meta":{"footnotes":""},"class_list":["post-565","page","type-page","status-publish","hentry"],"_links":{"self":[{"href":"https:\/\/www.dorothea-habicht.de\/index.php?rest_route=\/wp\/v2\/pages\/565","targetHints":{"allow":["GET"]}}],"collection":[{"href":"https:\/\/www.dorothea-habicht.de\/index.php?rest_route=\/wp\/v2\/pages"}],"about":[{"href":"https:\/\/www.dorothea-habicht.de\/index.php?rest_route=\/wp\/v2\/types\/page"}],"author":[{"embeddable":true,"href":"https:\/\/www.dorothea-habicht.de\/index.php?rest_route=\/wp\/v2\/users\/1"}],"replies":[{"embeddable":true,"href":"https:\/\/www.dorothea-habicht.de\/index.php?rest_route=%2Fwp%2Fv2%2Fcomments&post=565"}],"version-history":[{"count":44,"href":"https:\/\/www.dorothea-habicht.de\/index.php?rest_route=\/wp\/v2\/pages\/565\/revisions"}],"predecessor-version":[{"id":2461,"href":"https:\/\/www.dorothea-habicht.de\/index.php?rest_route=\/wp\/v2\/pages\/565\/revisions\/2461"}],"wp:attachment":[{"href":"https:\/\/www.dorothea-habicht.de\/index.php?rest_route=%2Fwp%2Fv2%2Fmedia&parent=565"}],"curies":[{"name":"wp","href":"https:\/\/api.w.org\/{rel}","templated":true}]}}